{"id":24,"date":"2019-03-31T18:11:03","date_gmt":"2019-03-31T16:11:03","guid":{"rendered":"http:\/\/littoralstructures.fr\/?page_id=24"},"modified":"2025-12-24T17:28:35","modified_gmt":"2025-12-24T16:28:35","slug":"mesmerize","status":"publish","type":"page","link":"https:\/\/littoralstructures.fr\/","title":{"rendered":"Front Page"},"content":{"rendered":"<div  data-label=\"About\" data-id=\"about--1\" data-export-id=\"about-4\" data-category=\"about\" class=\"about-4 content-section content-section-spacing\" id=\"about-1\" style=\"background-color: rgb(245, 250, 253);\"><div  class=\"gridContainer\"> <div  class=\"row middle-sm text-center\"><div  class=\"col-sm-5 space-bottom-xs\" data-type=\"column\">  <h2  class=\"\">Qui sommes-nous<\/h2> <p  class=\"\">La soci\u00e9t\u00e9 LITTORAL STRUCTURES, situ\u00e9e au Perrier en Vend\u00e9e,vous propose la location de tentes de r\u00e9ception et chapiteaux r\u00e9pondant aux normes de s\u00e9curit\u00e9 pour toutes vos r\u00e9ceptions:<br ><br >\t-priv\u00e9es ou publics,<br >\t-foires ou expositions,<br >\t-\u00e9v\u00e8nements d\u2019entreprise,<br >\t-sportifs ou culturels,\n<br >-location longue dur\u00e9e\u2026<br ><br >Notre \u00e9quipe met tout son professionnalisme \u00e0 votre service, dans le montage et le d\u00e9montage des structures.<br ><br >Dot\u00e9e d\u2019un parc mat\u00e9riel r\u00e9cent, la modularit\u00e9 de nos structures vous permettra d\u2019imaginer l\u2019espace de vos envies !<\/p> <\/div> <div  class=\"col-sm-7 flexbox center-xs middle-xs image-group-2-img\"> <a  data-cp-link=\"1\" href=\"https:\/\/littoralstructures.fr?page_id=244\" class=\"img-1-anchor\" target=\"_self\" rel=\"noopener noreferrer\"><img  decoding=\"async\" class=\"img-1 shadow-large\" data-size=\"250x200\" src=\"http:\/\/littoralstructures.fr\/wp-content\/uploads\/2019\/05\/cropped-10m-long-pan-vitre-Copie.png\" alt=\"\" title=\"cropped-10m-long-pan-vitre-Copie.png\"><\/a> <a  data-cp-link=\"1\" href=\"https:\/\/littoralstructures.fr?page_id=238\" class=\"img-2-anchor\" target=\"_self\" rel=\"noopener noreferrer\"><img  decoding=\"async\" class=\"img-2 shadow-large\" data-size=\"220x170\" src=\"http:\/\/littoralstructures.fr\/wp-content\/uploads\/2019\/05\/cropped-PAGODE-5X5-5.jpg\" alt=\"\" title=\"cropped-PAGODE-5X5-5.jpg\"><\/a><\/div> <\/div><\/div> <\/div><div  data-label=\"Features\" data-id=\"features--1\" data-export-id=\"features-16\" data-category=\"features\" class=\"features-16 content-section content-section-spacing\" id=\"features-1\" style=\"background-color: rgb(255, 255, 255); background-image: none;\"><div  class=\"gridContainer\"> <div  class=\"row text-center\"><div  class=\"section-title-col\" data-type=\"column\"> <h2  class=\"\">Besoin d\u2019une STRUCTURE pour votre EVENEMENT EN EXTERIEUR&nbsp;<\/h2> <p  class=\"lead\">ANNIVERSAIRES \u2013 MARIAGES \u2013 EVENEMENTS SPORTIFS &amp; CULTURELS \u2013 EVENEMENTS PROFESSIONNELS \u2013  COCKTAILS \u2013 SALONS &amp; FOIRES \u2013 LOCATION LONGUE DUREE<br >Contactez-nous <br >Une \u00e9quipe de professionnels \u00e0 votre service pour vous accompagner dans votre projet !<\/p><\/div> <\/div> <div  class=\"row spaced-cols\" data-type=\"row\"> <div  class=\"col-xs-12 col-sm-6 col-md-4 space-bottom\"> <a  data-cp-link=\"1\" href=\"https:\/\/littoralstructures.fr?page_id=238\" target=\"_self\" rel=\"noopener noreferrer\"><img  decoding=\"async\" class=\"face\" src=\"http:\/\/littoralstructures.fr\/wp-content\/uploads\/2019\/05\/cropped-PAGODE-5X5-4-1.jpg\" alt=\"\" title=\"cropped-PAGODE-5X5-4-1.jpg\"><\/a> <div  data-type=\"column\" class=\"col-padding-small col-padding-small-xs description-container\"> <h4  class=\"font-500\">Nos Gardens<\/h4> <p  class=\"\">Nos pagodes appel\u00e9es \u00ab GARDEN \u00bb sont de forme carr\u00e9 (3x3m &amp; 5x5m) ce qui permet de r\u00e9aliser de multiples combinaisons.<br ><br >Seules ou assembl\u00e9es, elles se positionnent \u00e0 l\u2019emplacement de votre choix (terrasse-jardin-cour-parking\u2026) et permettent de cr\u00e9er un lieu unique appr\u00e9ci\u00e9 pour vos divers \u00e9v\u00e9nements\u2026<br ><br >Son \u00e9l\u00e9gance sera une des cl\u00e9s de la r\u00e9ussite de votre \u00e9v\u00e9nement !<\/p> <\/div> <\/div> <div  class=\"col-xs-12 col-sm-6 col-md-4 space-bottom\"> <a  data-cp-link=\"1\" href=\"https:\/\/littoralstructures.fr?page_id=244\" target=\"_self\" rel=\"noopener noreferrer\"><img  decoding=\"async\" class=\"face\" src=\"http:\/\/littoralstructures.fr\/wp-content\/uploads\/2019\/05\/cropped-15x35-pagode-1.jpg\" alt=\"\" title=\"cropped-15x35-pagode-1.jpg\"><\/a> <div  data-type=\"column\" class=\"col-padding-small col-padding-small-xs description-container\"> <h4  class=\"font-500\">Nos Chapiteaux<\/h4> <p  class=\"\">Car chaque \u00e9v\u00e9nement est unique et diff\u00e9rent, nous disposons de chapiteaux modulables de plusieurs dimensions permettant ainsi d\u2019accueillir tout type de prestation .<br ><br >Nos structures poss\u00e8dent diff\u00e9rents types d\u2019entoilages : translucide, opaque ou cristal. <br ><br >Nous vous conseillons sur la structure la plus adapt\u00e9e en fonction de la place et l\u2019aisance que vous souhaitez r\u00e9server \u00e0 vos convives, votre buffet, votre \u00e9ventuelle piste de danse\u2026<\/p> <\/div> <\/div> <div  class=\"col-xs-12 col-sm-6 col-md-4 space-bottom\"> <img  decoding=\"async\" class=\"face\" src=\"http:\/\/littoralstructures.fr\/wp-content\/uploads\/2019\/05\/cropped-mange-debout-Copie-3.jpg\" alt=\"\" title=\"cropped-mange-debout-Copie-3.jpg\"> <div  data-type=\"column\" class=\"col-padding-small col-padding-small-xs description-container\"> <h4  class=\"font-500\">Nos services + qui font la diff\u00e9rence<\/h4> <p  class=\"\">Dans la volont\u00e9 de vous apporter une prestation compl\u00e8te et garantir le succ\u00e8s de votre \u00e9v\u00e9nement, nous vous proposons avec nos partenaires un large choix d\u2019\u00e9quipements compl\u00e9mentaires.<br >-Plancher, moquette &amp; terrasse,<br >-Eclairage &amp; son,<br >-Chauffage,<br >-Sanitaires,<br >-Podium, sc\u00e8ne &amp; estrade,<br >-Piste de danse,<br >-Mobilier &amp; d\u00e9coration,<\/p> <\/div> <\/div><\/div> <\/div><\/div><div  data-label=\"Portfolio\" data-id=\"portfolio--1\" data-export-id=\"portfolio-4\" data-category=\"portfolio\" class=\"portfolio-4 content-section content-section-spacing-top\" id=\"portfolio-1\" style=\"background-color: rgb(255, 255, 255);\"><div  class=\"\"> <div  class=\"row text-center\"><div  class=\"section-title-col\" data-type=\"column\"> <h2  class=\"\">Nos Structures<\/h2> <p  class=\"lead\">Retrouver ici les photos de nos prestations<\/p><\/div> <\/div> <div  data-type=\"row\" class=\"row\" data-fixed=\"true\"> <div  class=\"col-xs-12 col-sm-3 no-gutter-col\"> <div  class=\"contentswap-effect\" data-hover-fx=\"portfolio-4\"> <div  class=\"initial-image\"> <img  decoding=\"async\" data-size=\"542x360\" src=\"http:\/\/littoralstructures.fr\/wp-content\/uploads\/2021\/12\/cropped-IMG_1172-1.jpg\"><\/div> <div  class=\"overlay bg-color1\"><\/div> <div  class=\"swap-inner col-xs-12\"> <div  class=\"row full-height-row middle-xs middle-sm\"> <div  class=\"col-xs-12 text-center content-holder\"> <a  href=\"https:\/\/littoralstructures.fr?page_id=509\" target=\"_self\" rel=\"noopener noreferrer\"><i  class=\"fa icon portfolio-icon fa-search big\" aria-hidden=\"true\"><\/i><\/a><\/div> <\/div><\/div> <\/div><\/div> <div  class=\"col-xs-12 col-sm-3 no-gutter-col\"><div  class=\"contentswap-effect\" data-hover-fx=\"portfolio-4\"> <div  class=\"initial-image\"> <img  decoding=\"async\" data-size=\"542x360\" src=\"http:\/\/littoralstructures.fr\/wp-content\/uploads\/2021\/12\/cropped-IMG_0875-rotated-2.jpg\"><\/div> <div  class=\"overlay bg-color1\"><\/div> <div  class=\"swap-inner col-xs-12\"> <div  class=\"row full-height-row middle-xs middle-sm\"> <div  class=\"col-xs-12 text-center content-holder\"> <a  href=\"https:\/\/littoralstructures.fr?page_id=563\" target=\"_self\" rel=\"noopener noreferrer\"><i  class=\"fa icon portfolio-icon fa-search big\" aria-hidden=\"true\"><\/i><\/a><\/div> <\/div><\/div> <\/div><\/div> <div  class=\"col-xs-12 col-sm-3 no-gutter-col\"><div  class=\"contentswap-effect\" data-hover-fx=\"portfolio-4\"> <div  class=\"initial-image\"> <img  decoding=\"async\" data-size=\"542x360\" src=\"http:\/\/littoralstructures.fr\/wp-content\/uploads\/2021\/12\/cropped-10X20-Terrasse-couverte-1-scaled-2.jpg\"><\/div> <div  class=\"overlay bg-color1\"><\/div> <div  class=\"swap-inner col-xs-12\"> <div  class=\"row full-height-row middle-xs middle-sm\"> <div  class=\"col-xs-12 text-center content-holder\"> <a  href=\"https:\/\/littoralstructures.fr?page_id=521\" target=\"_self\" rel=\"noopener noreferrer\"><i  class=\"fa icon portfolio-icon fa-search big\" aria-hidden=\"true\"><\/i><\/a><\/div> <\/div><\/div> <\/div><\/div> <div  class=\"col-xs-12 col-sm-3 no-gutter-col\"><div  class=\"contentswap-effect\" data-hover-fx=\"portfolio-4\"> <div  class=\"initial-image\"> <img  decoding=\"async\" data-size=\"542x360\" src=\"http:\/\/littoralstructures.fr\/wp-content\/uploads\/2019\/05\/cropped-IMG_0401-1.jpg\"><\/div> <div  class=\"overlay bg-color1\"><\/div> <div  class=\"swap-inner col-xs-12\"> <div  class=\"row full-height-row middle-xs middle-sm\"> <div  class=\"col-xs-12 text-center content-holder\"> <a  href=\"https:\/\/littoralstructures.fr?page_id=563\" target=\"_self\" rel=\"noopener noreferrer\"><i  class=\"fa icon portfolio-icon fa-search big\" aria-hidden=\"true\"><\/i><\/a><\/div> <\/div><\/div> <\/div><\/div> <div  class=\"col-xs-12 col-sm-3 no-gutter-col\"><div  class=\"contentswap-effect\" data-hover-fx=\"portfolio-4\"> <div  class=\"initial-image\"> <img  decoding=\"async\" data-size=\"542x360\" src=\"http:\/\/littoralstructures.fr\/wp-content\/uploads\/2021\/12\/cropped-10X20-rotated-2.jpg\"><\/div> <div  class=\"overlay bg-color1\"><\/div> <div  class=\"swap-inner col-xs-12\"> <div  class=\"row full-height-row middle-xs middle-sm\"> <div  class=\"col-xs-12 text-center content-holder\"> <a  href=\"https:\/\/littoralstructures.fr?page_id=521\" target=\"_self\" rel=\"noopener noreferrer\"><i  class=\"fa icon portfolio-icon fa-search big\" aria-hidden=\"true\"><\/i><\/a><\/div> <\/div><\/div> <\/div><\/div> <div  class=\"col-xs-12 col-sm-3 no-gutter-col\"><div  class=\"contentswap-effect\" data-hover-fx=\"portfolio-4\"> <div  class=\"initial-image\"> <img  decoding=\"async\" data-size=\"542x360\" src=\"http:\/\/littoralstructures.fr\/wp-content\/uploads\/2021\/12\/cropped-3X3m-Piquetage-au-sol-1-1.jpg\"><\/div> <div  class=\"overlay bg-color1\"><\/div> <div  class=\"swap-inner col-xs-12\"> <div  class=\"row full-height-row middle-xs middle-sm\"> <div  class=\"col-xs-12 text-center content-holder\"> <a  href=\"https:\/\/littoralstructures.fr?page_id=555\" target=\"_self\" rel=\"noopener noreferrer\"><i  class=\"fa icon portfolio-icon fa-search big\" aria-hidden=\"true\"><\/i><\/a><\/div> <\/div><\/div> <\/div><\/div> <div  class=\"col-xs-12 col-sm-3 no-gutter-col\"><div  class=\"contentswap-effect\" data-hover-fx=\"portfolio-4\"> <div  class=\"initial-image\"> <img  decoding=\"async\" data-size=\"542x360\" src=\"http:\/\/littoralstructures.fr\/wp-content\/uploads\/2021\/12\/cropped-IMG_0074-2-rotated-3.jpg\"><\/div> <div  class=\"overlay bg-color1\"><\/div> <div  class=\"swap-inner col-xs-12\"> <div  class=\"row full-height-row middle-xs middle-sm\"> <div  class=\"col-xs-12 text-center content-holder\"> <a  href=\"https:\/\/littoralstructures.fr?page_id=509\" target=\"_self\" rel=\"noopener noreferrer\"><i  class=\"fa icon portfolio-icon fa-search big\" aria-hidden=\"true\"><\/i><\/a><\/div> <\/div><\/div> <\/div><\/div> <div  class=\"col-xs-12 col-sm-3 no-gutter-col\"><div  class=\"contentswap-effect\" data-hover-fx=\"portfolio-4\"> <div  class=\"initial-image\"> <img  decoding=\"async\" data-size=\"542x360\" src=\"http:\/\/littoralstructures.fr\/wp-content\/uploads\/2021\/12\/cropped-IMG_4019-1-2.jpg\"><\/div> <div  class=\"overlay bg-color1\"><\/div> <div  class=\"swap-inner col-xs-12\"> <div  class=\"row full-height-row middle-xs middle-sm\"> <div  class=\"col-xs-12 text-center content-holder\"> <a  href=\"https:\/\/littoralstructures.fr?page_id=509\" target=\"_self\" rel=\"noopener noreferrer\"><i  class=\"fa icon portfolio-icon fa-search big\" aria-hidden=\"true\"><\/i><\/a><\/div> <\/div><\/div> <\/div><\/div> <\/div><\/div> <\/div><div  id=\"contact-1\" data-label=\"Contact\" data-id=\"contact-1\" data-export-id=\"contact-1\" data-category=\"contact\" class=\"contact-1 content-section content-section-spacing white-text\" data-parallax-depth=\"20\"><div  class=\"gridContainer\"> <div  class=\"row text-center\"><div  class=\"section-title-col\" data-type=\"column\"> <h2  class=\"\">Contactez-nous<\/h2> <p  class=\"lead\">Vous avez besoin d\u2019information ou d\u2019un devis ? N\u2019h\u00e9sitez pas, contactez-nous.<\/p><\/div> <\/div> <div  class=\"row text-center\"> <div  class=\"col-xs-12 col-sm-8 col-sm-offset-2 contact-form-wrapper inline-info\"> <div  class=\"card large-padding\"> <div  class=\"\" data-content-shortcode=\"mesmerize_contact_form shortcode=&quot;wpforms id=&amp;amp;quot;87&amp;amp;quot; title=&amp;amp;quot;false&amp;amp;quot; description=&amp;amp;quot;false&amp;amp;quot;&quot;\" data-editable=\"true\"><div class=\"wpforms-container wpforms-container-full\" id=\"wpforms-87\"><form id=\"wpforms-form-87\" class=\"wpforms-validate wpforms-form\" data-formid=\"87\" method=\"post\" enctype=\"multipart\/form-data\" action=\"\/index.php?rest_route=%2Fwp%2Fv2%2Fpages%2F24\" data-token=\"0a2858ff71a406f155f33dda333afe6a\" data-token-time=\"1776475089\"><noscript class=\"wpforms-error-noscript\">Please enable JavaScript in your browser to complete this form.<\/noscript><div class=\"wpforms-field-container\"><div id=\"wpforms-87-field_0-container\" class=\"wpforms-field wpforms-field-name\" data-field-id=\"0\"><label class=\"wpforms-field-label\">Nom <span class=\"wpforms-required-label\">*<\/span><\/label><div class=\"wpforms-field-row wpforms-field-medium\"><div class=\"wpforms-field-row-block wpforms-first wpforms-one-half\"><input type=\"text\" id=\"wpforms-87-field_0\" class=\"wpforms-field-name-first wpforms-field-required\" name=\"wpforms[fields][0][first]\" required><label for=\"wpforms-87-field_0\" class=\"wpforms-field-sublabel after\">First<\/label><\/div><div class=\"wpforms-field-row-block wpforms-one-half\"><input type=\"text\" id=\"wpforms-87-field_0-last\" class=\"wpforms-field-name-last wpforms-field-required\" name=\"wpforms[fields][0][last]\" required><label for=\"wpforms-87-field_0-last\" class=\"wpforms-field-sublabel after\">Last<\/label><\/div><\/div><\/div><div id=\"wpforms-87-field_1-container\" class=\"wpforms-field wpforms-field-email\" data-field-id=\"1\"><label class=\"wpforms-field-label\" for=\"wpforms-87-field_1\">Adresse mail <span class=\"wpforms-required-label\">*<\/span><\/label><input type=\"email\" id=\"wpforms-87-field_1\" class=\"wpforms-field-medium wpforms-field-required\" name=\"wpforms[fields][1]\" spellcheck=\"false\" required><\/div><div id=\"wpforms-87-field_3-container\" class=\"wpforms-field wpforms-field-name\" data-field-id=\"3\"><label class=\"wpforms-field-label\" for=\"wpforms-87-field_3\">Numero de t\u00e9l\u00e9phon\u00e9<\/label><input type=\"text\" id=\"wpforms-87-field_3\" class=\"wpforms-field-medium\" name=\"wpforms[fields][3]\" ><\/div><div id=\"wpforms-87-field_2-container\" class=\"wpforms-field wpforms-field-textarea\" data-field-id=\"2\"><label class=\"wpforms-field-label\" for=\"wpforms-87-field_2\">Message <span class=\"wpforms-required-label\">*<\/span><\/label><textarea id=\"wpforms-87-field_2\" class=\"wpforms-field-medium wpforms-field-required\" name=\"wpforms[fields][2]\" required><\/textarea><\/div><\/div><!-- .wpforms-field-container --><div class=\"wpforms-field wpforms-field-hp\"><label for=\"wpforms-87-field-hp\" class=\"wpforms-field-label\">Comment<\/label><input type=\"text\" name=\"wpforms[hp]\" id=\"wpforms-87-field-hp\" class=\"wpforms-field-medium\"><\/div><div class=\"wpforms-recaptcha-container wpforms-is-recaptcha wpforms-is-recaptcha-type-v2\" ><div class=\"g-recaptcha\" data-sitekey=\"6LeUEZ0UAAAAAKXog8rzvB-RXNuiwi9GO6lAXQXh\"><\/div><input type=\"text\" name=\"g-recaptcha-hidden\" class=\"wpforms-recaptcha-hidden\" style=\"position:absolute!important;clip:rect(0,0,0,0)!important;height:1px!important;width:1px!important;border:0!important;overflow:hidden!important;padding:0!important;margin:0!important;\" data-rule-recaptcha=\"1\"><\/div><div class=\"wpforms-submit-container\" ><input type=\"hidden\" name=\"wpforms[id]\" value=\"87\"><input type=\"hidden\" name=\"page_title\" value=\"\"><input type=\"hidden\" name=\"page_url\" value=\"https:\/\/littoralstructures.fr\/index.php?rest_route=\/wp\/v2\/pages\/24\"><input type=\"hidden\" name=\"url_referer\" value=\"\"><button type=\"submit\" name=\"wpforms[submit]\" id=\"wpforms-submit-87\" class=\"wpforms-submit\" data-alt-text=\"Sending...\" data-submit-text=\"Envoyer\" aria-live=\"assertive\" value=\"wpforms-submit\">Envoyer<\/button><\/div><\/form><\/div>  <!-- .wpforms-container --><\/div><\/div> <\/div><\/div> <\/div><\/div><div  data-label=\"Nos Partenaires\" data-id=\"clients--1\" data-export-id=\"clients-4\" data-category=\"clients\" class=\"clients-4 content-section content-section-spacing-small\" id=\"nos-partenaires\" style=\"background-color: rgb(245, 250, 253);\"><div  class=\"gridContainer\"> <div  class=\"row\"><div  data-type=\"column\" class=\"section-title-col\"> <h2  class=\"font-700\">Nos Partenaires<\/h2> <\/div> <\/div> <div  data-type=\"row\" class=\"row spaced-cols middle-xs center-xs space-bottom padding-lr\">   <div  class=\"col-xs-6 col-sm-2\"> <a  data-cp-link=\"1\" href=\"http:\/\/www.deco-en-scene.com\" class=\"\" target=\"_self\" rel=\"noopener noreferrer\"><img  decoding=\"async\" src=\"http:\/\/littoralstructures.fr\/wp-content\/uploads\/2020\/03\/cropped-decoenscene-logo1118-150-1.jpg\" class=\"\" alt=\"\" title=\"cropped-decoenscene-logo1118-150-1.jpg\"><\/a><\/div>  <div  class=\"col-xs-6 col-sm-2\"> <a  data-cp-link=\"1\" href=\"http:\/\/www.traiteursoullandais.com\" class=\"\" target=\"_self\" rel=\"noopener noreferrer\"><img  decoding=\"async\" src=\"http:\/\/littoralstructures.fr\/wp-content\/uploads\/2020\/03\/cropped-logo-noir.png\" class=\"\" alt=\"\" title=\"cropped-logo-noir.png\"><\/a><\/div>  <\/div><\/div> <\/div>","protected":false},"excerpt":{"rendered":"<p>Qui sommes-nous La soci\u00e9t\u00e9 LITTORAL STRUCTURES, situ\u00e9e au Perrier en Vend\u00e9e,vous propose la location de tentes de r\u00e9ception et chapiteaux r\u00e9pondant aux normes de s\u00e9curit\u00e9 pour toutes vos r\u00e9ceptions: -priv\u00e9es ou publics, -foires ou expositions, -\u00e9v\u00e8nements d\u2019entreprise, -sportifs ou culturels, -location longue dur\u00e9e\u2026Notre \u00e9quipe met tout son professionnalisme \u00e0 votre service, dans le montage et&hellip; <br \/> <a class=\"read-more\" href=\"https:\/\/littoralstructures.fr\/\">Read more<\/a><\/p>\n","protected":false},"author":1,"featured_media":0,"parent":0,"menu_order":0,"comment_status":"closed","ping_status":"closed","template":"page-templates\/homepage.php","meta":{"footnotes":""},"class_list":["post-24","page","type-page","status-publish","hentry"],"_links":{"self":[{"href":"https:\/\/littoralstructures.fr\/index.php?rest_route=\/wp\/v2\/pages\/24","targetHints":{"allow":["GET"]}}],"collection":[{"href":"https:\/\/littoralstructures.fr\/index.php?rest_route=\/wp\/v2\/pages"}],"about":[{"href":"https:\/\/littoralstructures.fr\/index.php?rest_route=\/wp\/v2\/types\/page"}],"author":[{"embeddable":true,"href":"https:\/\/littoralstructures.fr\/index.php?rest_route=\/wp\/v2\/users\/1"}],"replies":[{"embeddable":true,"href":"https:\/\/littoralstructures.fr\/index.php?rest_route=%2Fwp%2Fv2%2Fcomments&post=24"}],"version-history":[{"count":55,"href":"https:\/\/littoralstructures.fr\/index.php?rest_route=\/wp\/v2\/pages\/24\/revisions"}],"predecessor-version":[{"id":719,"href":"https:\/\/littoralstructures.fr\/index.php?rest_route=\/wp\/v2\/pages\/24\/revisions\/719"}],"wp:attachment":[{"href":"https:\/\/littoralstructures.fr\/index.php?rest_route=%2Fwp%2Fv2%2Fmedia&parent=24"}],"curies":[{"name":"wp","href":"https:\/\/api.w.org\/{rel}","templated":true}]}}